{"id":991,"date":"2026-04-20T19:34:46","date_gmt":"2026-04-20T22:34:46","guid":{"rendered":"https:\/\/www.rosilia.com.ar\/?post_type=product&#038;p=991"},"modified":"2026-04-20T20:47:49","modified_gmt":"2026-04-20T23:47:49","slug":"portasuenos-a6-copia","status":"publish","type":"product","link":"https:\/\/www.rosilia.com.ar\/index.php\/producto\/portasuenos-a6-copia\/","title":{"rendered":"Portasue\u00f1os A6"},"content":{"rendered":"<p>Este es el Portasue\u00f1os, un producto artesanal y \u00fanico, que tiene como intenci\u00f3n ayudar a quien lo use a so\u00f1ar en grande. Tama\u00f1o A6 libreta incluida pintada a mano por mi mam\u00e1. Con este Portasue\u00f1os planific\u00e1 esos proyectos que parecen imposibles, esos viajes so\u00f1ados, aquello que se cre\u00eda inalcanzable. Este producto incluye una libreta con portada pintada a mano, medida A5 con p\u00e1ginas lisas para que dejes volar tu imaginaci\u00f3n. Tambi\u00e9n tiene espacio para agregarle otra libreta o cuaderno m\u00e1s si es deseado, para que esos sue\u00f1os se conviertan en una realidad. Acompa\u00f1ando la libreta, trae dos bolsillos: uno con cierre en el que viene una lapicera o l\u00e1piz, al que se le pueden agregar m\u00e1s \u00fatiles y otro divisorio sin cierre. Est\u00e1 confeccionado a mano con la t\u00e9cnica \u00abPatchwork\u00bb, combinando distintas telas estampadas para lograr un dise\u00f1o \u00fanico, c\u00e1lido y con mucha personalidad.<\/p>\n<p>Incluye cierre con el\u00e1stico, ideal para mantener todo firme y evitar que se abra dentro del bolso o mochila. Las terminaciones son prolijas y resistentes, pensado para uso diario y para quienes quieren algo funcional y lindo.<\/p>\n<p>Caracter\u00edsticas:<\/p>\n<p>Hecho a mano<\/p>\n<p>Dise\u00f1o patchwork (cada pieza es \u00fanica)<\/p>\n<p>Cierre con el\u00e1stico<\/p>\n<p>Protege y mantiene ordenado tus libretas\/agenda<\/p>\n<p>Ideal para:<\/p>\n<p>Agenda escolar o de trabajo<\/p>\n<p>Cuaderno de notas, diario o journaling<\/p>\n<p>Regalo \u00fatil y original<\/p>\n<p>Cuidados:<br \/>\nLimpieza a mano con agua fr\u00eda para conservar los colores. No dejar en remojo.<\/p>\n","protected":false},"excerpt":{"rendered":"<p>Portasue\u00f1os artesanal de tela para llevar tu cuaderno\/agenda con estilo y cartuchera integrada. Hecho a mano con patchwork, cierre el\u00e1stico y terminaciones prolijas. Ideal para uso diario o para regalar. Hecho a mano. Dise\u00f1o patchwork (combinaci\u00f3n de telas \u00fanica).<\/p>\n","protected":false},"featured_media":995,"template":"","meta":[],"product_brand":[],"product_cat":[31],"product_tag":[],"class_list":{"0":"post-991","1":"product","2":"type-product","3":"status-publish","4":"has-post-thumbnail","6":"product_cat-portasuenos","8":"first","9":"instock","10":"shipping-taxable","11":"purchasable","12":"product-type-simple"},"_links":{"self":[{"href":"https:\/\/www.rosilia.com.ar\/index.php\/wp-json\/wp\/v2\/product\/991","targetHints":{"allow":["GET"]}}],"collection":[{"href":"https:\/\/www.rosilia.com.ar\/index.php\/wp-json\/wp\/v2\/product"}],"about":[{"href":"https:\/\/www.rosilia.com.ar\/index.php\/wp-json\/wp\/v2\/types\/product"}],"wp:featuredmedia":[{"embeddable":true,"href":"https:\/\/www.rosilia.com.ar\/index.php\/wp-json\/wp\/v2\/media\/995"}],"wp:attachment":[{"href":"https:\/\/www.rosilia.com.ar\/index.php\/wp-json\/wp\/v2\/media?parent=991"}],"wp:term":[{"taxonomy":"product_brand","embeddable":true,"href":"https:\/\/www.rosilia.com.ar\/index.php\/wp-json\/wp\/v2\/product_brand?post=991"},{"taxonomy":"product_cat","embeddable":true,"href":"https:\/\/www.rosilia.com.ar\/index.php\/wp-json\/wp\/v2\/product_cat?post=991"},{"taxonomy":"product_tag","embeddable":true,"href":"https:\/\/www.rosilia.com.ar\/index.php\/wp-json\/wp\/v2\/product_tag?post=991"}],"curies":[{"name":"wp","href":"https:\/\/api.w.org\/{rel}","templated":true}]}}