{"id":938,"date":"2026-04-20T18:50:41","date_gmt":"2026-04-20T21:50:41","guid":{"rendered":"https:\/\/www.rosilia.com.ar\/?post_type=product&#038;p=938"},"modified":"2026-04-20T18:59:06","modified_gmt":"2026-04-20T21:59:06","slug":"billetera","status":"publish","type":"product","link":"https:\/\/www.rosilia.com.ar\/index.php\/producto\/billetera\/","title":{"rendered":"Billetera"},"content":{"rendered":"","protected":false},"excerpt":{"rendered":"<p>Cl\u00e1sica billetera para poner el billete abierto, tambi\u00e9n tiene divisi\u00f3n para las tarjetas de credito, debito etc. y un bolsillo con cierre en la delantera para agregar cuanta cosita m\u00e1s necesites guardar.<\/p>\n<p>Pieza \u00fanica, realizada con la t\u00e9cnica del Patchwork combinaci\u00f3n de colores de telas \u00fanica.<\/p>\n<p>&nbsp;<\/p>\n","protected":false},"featured_media":940,"template":"","meta":[],"product_brand":[],"product_cat":[46],"product_tag":[],"class_list":{"0":"post-938","1":"product","2":"type-product","3":"status-publish","4":"has-post-thumbnail","6":"product_cat-billeteras","8":"first","9":"instock","10":"shipping-taxable","11":"purchasable","12":"product-type-simple"},"_links":{"self":[{"href":"https:\/\/www.rosilia.com.ar\/index.php\/wp-json\/wp\/v2\/product\/938","targetHints":{"allow":["GET"]}}],"collection":[{"href":"https:\/\/www.rosilia.com.ar\/index.php\/wp-json\/wp\/v2\/product"}],"about":[{"href":"https:\/\/www.rosilia.com.ar\/index.php\/wp-json\/wp\/v2\/types\/product"}],"wp:featuredmedia":[{"embeddable":true,"href":"https:\/\/www.rosilia.com.ar\/index.php\/wp-json\/wp\/v2\/media\/940"}],"wp:attachment":[{"href":"https:\/\/www.rosilia.com.ar\/index.php\/wp-json\/wp\/v2\/media?parent=938"}],"wp:term":[{"taxonomy":"product_brand","embeddable":true,"href":"https:\/\/www.rosilia.com.ar\/index.php\/wp-json\/wp\/v2\/product_brand?post=938"},{"taxonomy":"product_cat","embeddable":true,"href":"https:\/\/www.rosilia.com.ar\/index.php\/wp-json\/wp\/v2\/product_cat?post=938"},{"taxonomy":"product_tag","embeddable":true,"href":"https:\/\/www.rosilia.com.ar\/index.php\/wp-json\/wp\/v2\/product_tag?post=938"}],"curies":[{"name":"wp","href":"https:\/\/api.w.org\/{rel}","templated":true}]}}